{"id":16770,"date":"2025-09-26T11:41:21","date_gmt":"2025-09-26T11:41:21","guid":{"rendered":"https:\/\/bodyviu.com\/equipo-de-entrenadores-personales-reus\/entrenador-personal-joan-prats\/"},"modified":"2026-03-16T11:47:57","modified_gmt":"2026-03-16T11:47:57","slug":"entrenador-personal-joan-prats","status":"publish","type":"page","link":"https:\/\/bodyviu.com\/es\/equipo-de-entrenadores-personales-reus\/entrenador-personal-joan-prats\/","title":{"rendered":"ENTRENADOR PERSONAL JOAN PRATS"},"content":{"rendered":"\t\t<div data-elementor-type=\"wp-page\" data-elementor-id=\"16770\" class=\"elementor elementor-16770 elementor-14820\">\n\t\t\t\t\t\t<section class=\"elementor-section elementor-top-section elementor-element elementor-element-50e9216 elementor-section-full_width elementor-reverse-mobile elementor-reverse-tablet qodef-elementor-content-grid elementor-section-height-default elementor-section-height-default qodef-elementor-back-btn-skin-default\" data-id=\"50e9216\" data-element_type=\"section\" data-e-type=\"section\" data-settings=\"{&quot;background_background&quot;:&quot;classic&quot;}\">\n\t\t\t\t\t\t<div class=\"elementor-container elementor-column-gap-default\">\n\t\t\t\t\t<div class=\"elementor-column elementor-col-50 elementor-top-column elementor-element elementor-element-315a15c\" data-id=\"315a15c\" data-element_type=\"column\" data-e-type=\"column\">\n\t\t\t<div class=\"elementor-widget-wrap elementor-element-populated\">\n\t\t\t\t\t\t<div class=\"elementor-element elementor-element-d1db5a4 elementor-arrows-position-inside elementor-pagination-position-outside elementor-widget elementor-widget-image-carousel\" data-id=\"d1db5a4\" data-element_type=\"widget\" data-e-type=\"widget\" data-settings=\"{&quot;slides_to_show&quot;:&quot;1&quot;,&quot;navigation&quot;:&quot;both&quot;,&quot;autoplay&quot;:&quot;yes&quot;,&quot;pause_on_hover&quot;:&quot;yes&quot;,&quot;pause_on_interaction&quot;:&quot;yes&quot;,&quot;autoplay_speed&quot;:5000,&quot;infinite&quot;:&quot;yes&quot;,&quot;effect&quot;:&quot;slide&quot;,&quot;speed&quot;:500}\" data-widget_type=\"image-carousel.default\">\n\t\t\t\t\t\t\t<div class=\"elementor-image-carousel-wrapper swiper\" role=\"region\" aria-roledescription=\"carousel\" aria-label=\"Carrusel de im\u00e1genes\" dir=\"ltr\">\n\t\t\t<div class=\"elementor-image-carousel swiper-wrapper\" aria-live=\"off\">\n\t\t\t\t\t\t\t\t<div class=\"swiper-slide\" role=\"group\" aria-roledescription=\"slide\" aria-label=\"1 de 2\"><figure class=\"swiper-slide-inner\"><img decoding=\"async\" class=\"swiper-slide-image\" src=\"https:\/\/bodyviu.com\/wp-content\/uploads\/2025\/10\/18_resultat.webp\" alt=\"18_resultat\" \/><\/figure><\/div><div class=\"swiper-slide\" role=\"group\" aria-roledescription=\"slide\" aria-label=\"2 de 2\"><figure class=\"swiper-slide-inner\"><img decoding=\"async\" class=\"swiper-slide-image\" src=\"https:\/\/bodyviu.com\/wp-content\/uploads\/2025\/10\/74_resultat.webp\" alt=\"74_resultat\" \/><\/figure><\/div>\t\t\t<\/div>\n\t\t\t\t\t\t\t\t\t\t\t\t<div class=\"elementor-swiper-button elementor-swiper-button-prev\" role=\"button\" tabindex=\"0\">\n\t\t\t\t\t\t<svg aria-hidden=\"true\" class=\"e-font-icon-svg e-eicon-chevron-left\" viewBox=\"0 0 1000 1000\" xmlns=\"http:\/\/www.w3.org\/2000\/svg\"><path d=\"M646 125C629 125 613 133 604 142L308 442C296 454 292 471 292 487 292 504 296 521 308 533L604 854C617 867 629 875 646 875 663 875 679 871 692 858 704 846 713 829 713 812 713 796 708 779 692 767L438 487 692 225C700 217 708 204 708 187 708 171 704 154 692 142 675 129 663 125 646 125Z\"><\/path><\/svg>\t\t\t\t\t<\/div>\n\t\t\t\t\t<div class=\"elementor-swiper-button elementor-swiper-button-next\" role=\"button\" tabindex=\"0\">\n\t\t\t\t\t\t<svg aria-hidden=\"true\" class=\"e-font-icon-svg e-eicon-chevron-right\" viewBox=\"0 0 1000 1000\" xmlns=\"http:\/\/www.w3.org\/2000\/svg\"><path d=\"M696 533C708 521 713 504 713 487 713 471 708 454 696 446L400 146C388 133 375 125 354 125 338 125 325 129 313 142 300 154 292 171 292 187 292 204 296 221 308 233L563 492 304 771C292 783 288 800 288 817 288 833 296 850 308 863 321 871 338 875 354 875 371 875 388 867 400 854L696 533Z\"><\/path><\/svg>\t\t\t\t\t<\/div>\n\t\t\t\t\n\t\t\t\t\t\t\t\t\t<div class=\"swiper-pagination\"><\/div>\n\t\t\t\t\t\t\t\t\t<\/div>\n\t\t\t\t\t\t<\/div>\n\t\t\t\t\t<\/div>\n\t\t<\/div>\n\t\t\t\t<div class=\"elementor-column elementor-col-50 elementor-top-column elementor-element elementor-element-d74a3ae\" data-id=\"d74a3ae\" data-element_type=\"column\" data-e-type=\"column\">\n\t\t\t<div class=\"elementor-widget-wrap elementor-element-populated\">\n\t\t\t\t\t\t<div class=\"elementor-element elementor-element-e74bcb4 elementor-widget-tablet__width-initial elementor-widget-mobile__width-inherit elementor-widget elementor-widget-kropp_core_section_title\" data-id=\"e74bcb4\" data-element_type=\"widget\" data-e-type=\"widget\" data-widget_type=\"kropp_core_section_title.default\">\n\t\t\t\t<div class=\"elementor-widget-container\">\n\t\t\t\t\t<div class=\"qodef-shortcode qodef-m qodef-section-title qodef-alignment--left qodef-title-decoration--yes qodef-title-background-text--yes\">\n        <div class=\"qodef-m-title-background-text-holder\">\n        <span class=\"qodef-m-title-background-text qodef--custom-chars-splitting-animation\" style=\"-webkit-text-stroke-color:#E2E2E2\">joan<\/span>\n    <\/div>\n\t\t<h2 class=\"qodef-m-title\" style=\"color: #000000\">\n\t\t                            <sup class=\"qodef-title-decoration\">\n                    <svg class=\"qodef-svg--title-decoration qodef-title-decoration\" xmlns=\"http:\/\/www.w3.org\/2000\/svg\" width=\"40\" height=\"40\" viewBox=\"0 0 40 40\" preserveAspectRatio=\"xMidYMid meet\"><g transform=\"translate(-268 -1379)\"><rect width=\"40\" height=\"2\" transform=\"translate(268 1398)\" fill=\"currentColor\"\/><rect width=\"40\" height=\"2\" transform=\"translate(289 1379) rotate(90)\" fill=\"currentColor\"\/><\/g><\/svg>                <\/sup>\n                        <span class=\"qodef-m-title-text\">\n                joan prats            <\/span>\n\t\t\t<\/h2>\n    \t<h5 class=\"qodef-m-subtitle\" style=\"color: #A5A5A5\">Entrenador personal en Reus<\/h5>\n\t    \r\n<\/div>\n\t\t\t\t<\/div>\n\t\t\t\t<\/div>\n\t\t\t\t<div class=\"elementor-element elementor-element-f30bb5a elementor-widget elementor-widget-text-editor\" data-id=\"f30bb5a\" data-element_type=\"widget\" data-e-type=\"widget\" data-widget_type=\"text-editor.default\">\n\t\t\t\t\t\t\t\t\t<p class=\"p1\">Con s\u00f3lo 5 a\u00f1os, Joan ya dio sus primeros pasos en el mundo del deporte, empezando a jugar a baloncesto en la escuela donde estudiaba. Esa primera experiencia le despert\u00f3 una pasi\u00f3n que, con los a\u00f1os, se ha ido transformando y evolucionando.<\/p><p class=\"p1\">Desde peque\u00f1o ten\u00eda claro que su vida estar\u00eda ligada al movimiento ya la actividad f\u00edsica. Esta convicci\u00f3n le llev\u00f3 a formarse y graduarse en Ciencias de la Actividad F\u00edsica y el Deporte, con el objetivo de ayudar a las personas a sentirse mejor a trav\u00e9s del ejercicio.<\/p><p class=\"p1\">Lo que m\u00e1s feliz le hace es entrenar y compartir momentos con los dem\u00e1s, siempre buscando que la actividad f\u00edsica no sea s\u00f3lo un esfuerzo, sino tambi\u00e9n diversi\u00f3n y bienestar. Le gusta transmitir esa energ\u00eda positiva y demostrar que entrenar puede ser una experiencia motivadora y enriquecedora.<\/p><p class=\"p1\">Actualmente, ha dejado atr\u00e1s la competici\u00f3n del baloncesto y ha encontrado en la monta\u00f1a su terreno de juego favorito. Disfruta descubriendo nuevos caminos, respirando naturaleza y poni\u00e9ndose retos que le hacen crecer tanto f\u00edsica como personalmente. Para Joan, cada entrenamiento es una oportunidad para pasarlo bien, desconectar y seguir aprendiendo.<\/p>\t\t\t\t\t\t\t\t<\/div>\n\t\t\t\t\t<\/div>\n\t\t<\/div>\n\t\t\t\t\t<\/div>\n\t\t<\/section>\n\t\t<div class=\"elementor-element elementor-element-076a1f9 e-flex e-con-boxed qodef-elementor-content-no e-con e-parent\" data-id=\"076a1f9\" data-element_type=\"container\" data-e-type=\"container\" data-settings=\"{&quot;background_background&quot;:&quot;classic&quot;}\">\n\t\t\t\t\t<div class=\"e-con-inner\">\n\t\t\t\t<div class=\"elementor-element elementor-element-92c2294 elementor-widget elementor-widget-heading\" data-id=\"92c2294\" data-element_type=\"widget\" data-e-type=\"widget\" data-widget_type=\"heading.default\">\n\t\t\t\t\t<h2 class=\"elementor-heading-title elementor-size-default\">\u00bftienes dudas? cont\u00e1ctanos?<\/h2>\t\t\t\t<\/div>\n\t\t<div class=\"elementor-element elementor-element-2efd637 e-grid e-con-full qodef-elementor-content-no e-con e-child\" data-id=\"2efd637\" data-element_type=\"container\" data-e-type=\"container\">\n\t\t\t\t<div class=\"elementor-element elementor-element-ae73e62 elementor-widget elementor-widget-qi_addons_for_elementor_contact_form_7\" data-id=\"ae73e62\" data-element_type=\"widget\" data-e-type=\"widget\" data-widget_type=\"qi_addons_for_elementor_contact_form_7.default\">\n\t\t\t\t<div class=\"elementor-widget-container\">\n\t\t\t\t\t<div class=\"qodef-shortcode qodef-m qodef-qi-contact-form-7\">\n\t\n<div class=\"wpcf7 no-js\" id=\"wpcf7-f16935-o1\" lang=\"es-ES\" dir=\"ltr\" data-wpcf7-id=\"16935\">\n<div class=\"screen-reader-response\"><p role=\"status\" aria-live=\"polite\" aria-atomic=\"true\"><\/p> <ul><\/ul><\/div>\n<form action=\"\/es\/wp-json\/wp\/v2\/pages\/16770#wpcf7-f16935-o1\" method=\"post\" class=\"wpcf7-form init\" aria-label=\"Formulario de contacto\" novalidate=\"novalidate\" data-status=\"init\">\n<fieldset class=\"hidden-fields-container\"><input type=\"hidden\" name=\"_wpcf7\" value=\"16935\" \/><input type=\"hidden\" name=\"_wpcf7_version\" value=\"6.1.5\" \/><input type=\"hidden\" name=\"_wpcf7_locale\" value=\"es_ES\" \/><input type=\"hidden\" name=\"_wpcf7_unit_tag\" value=\"wpcf7-f16935-o1\" \/><input type=\"hidden\" name=\"_wpcf7_container_post\" value=\"0\" \/><input type=\"hidden\" name=\"_wpcf7_posted_data_hash\" value=\"\" \/>\n<\/fieldset>\n<label> Nombre\n    <span class=\"wpcf7-form-control-wrap\" data-name=\"your-name\"><input size=\"40\" maxlength=\"400\" class=\"wpcf7-form-control wpcf7-text wpcf7-validates-as-required\" autocomplete=\"name\" aria-required=\"true\" aria-invalid=\"false\" value=\"\" type=\"text\" name=\"your-name\" \/><\/span> <\/label>\n\n<label> Mail\n    <span class=\"wpcf7-form-control-wrap\" data-name=\"your-email\"><input size=\"40\" maxlength=\"400\" class=\"wpcf7-form-control wpcf7-email wpcf7-validates-as-required wpcf7-text wpcf7-validates-as-email\" autocomplete=\"email\" aria-required=\"true\" aria-invalid=\"false\" value=\"\" type=\"email\" name=\"your-email\" \/><\/span> <\/label>\n\n<label> Asunto\n    <span class=\"wpcf7-form-control-wrap\" data-name=\"your-subject\"><input size=\"40\" maxlength=\"400\" class=\"wpcf7-form-control wpcf7-text wpcf7-validates-as-required\" aria-required=\"true\" aria-invalid=\"false\" value=\"\" type=\"text\" name=\"your-subject\" \/><\/span> <\/label>\n\n<label> Mensaje\n    <span class=\"wpcf7-form-control-wrap\" data-name=\"your-message\"><textarea cols=\"40\" rows=\"10\" maxlength=\"2000\" class=\"wpcf7-form-control wpcf7-textarea\" aria-invalid=\"false\" name=\"your-message\"><\/textarea><\/span> <\/label>\n\n<button class=\"wpcf7-form-control wpcf7-submit qodef-button qodef-size--normal qodef-layout--outlined-with-arrow qodef-m\" type=\"submit\"><span class=\"qodef-m-text\">Enviar<\/span><span class=\"qodef-m-arrow\"><svg class=\"qodef-svg--button-arrow\" xmlns=\"http:\/\/www.w3.org\/2000\/svg\" width=\"19.282\" height=\"26.788\" viewBox=\"0 0 19.282 26.788\"><g transform=\"translate(0.354 0)\"><path d=\"M0,0V26.27\" transform=\"translate(9.382 0)\" fill=\"none\" stroke=\"currentColor\" stroke-width=\"1\"\/><path d=\"M13.135,13.135H0V0\" transform=\"translate(0 16.793) rotate(-45)\" fill=\"none\" stroke=\"currentColor\" stroke-width=\"1\"\/><\/g><\/svg><\/span><\/button><div class=\"wpcf7-response-output\" aria-hidden=\"true\"><\/div>\n<\/form>\n<\/div>\n<\/div>\n\t\t\t\t<\/div>\n\t\t\t\t<\/div>\n\t\t\t\t<div class=\"elementor-element elementor-element-081d1b1 elementor-widget elementor-widget-image\" data-id=\"081d1b1\" data-element_type=\"widget\" data-e-type=\"widget\" data-widget_type=\"image.default\">\n\t\t\t\t\t\t\t\t\t\t\t\t\t\t\t<img fetchpriority=\"high\" decoding=\"async\" width=\"575\" height=\"575\" src=\"https:\/\/bodyviu.com\/wp-content\/uploads\/2025\/09\/17.png\" class=\"attachment-large size-large wp-image-16456\" alt=\"\" srcset=\"https:\/\/bodyviu.com\/wp-content\/uploads\/2025\/09\/17.png 575w, https:\/\/bodyviu.com\/wp-content\/uploads\/2025\/09\/17-300x300.png 300w, https:\/\/bodyviu.com\/wp-content\/uploads\/2025\/09\/17-150x150.png 150w\" sizes=\"(max-width: 575px) 100vw, 575px\" \/>\t\t\t\t\t\t\t\t\t\t\t\t\t\t\t<\/div>\n\t\t\t\t<\/div>\n\t\t\t\t\t<\/div>\n\t\t\t\t<\/div>\n\t\t\t\t<\/div>\n\t\t","protected":false},"excerpt":{"rendered":"<p>joan joan prats Entrenador personal en Reus Con s\u00f3lo 5 a\u00f1os, Joan ya dio sus primeros pasos en el mundo del deporte, empezando a jugar a baloncesto en la escuela donde estudiaba. Esa primera experiencia le despert\u00f3 una pasi\u00f3n que, con los a\u00f1os, se ha ido transformando y evolucionando. Desde peque\u00f1o ten\u00eda claro que su [&hellip;]<\/p>\n","protected":false},"author":2,"featured_media":0,"parent":16757,"menu_order":0,"comment_status":"closed","ping_status":"closed","template":"page-full-width.php","meta":{"_joinchat":[],"footnotes":""},"class_list":["post-16770","page","type-page","status-publish","hentry"],"yoast_head":"<!-- This site is optimized with the Yoast SEO plugin v27.3 - https:\/\/yoast.com\/product\/yoast-seo-wordpress\/ -->\n<title>Entrenador Personal | Joan Prats | Entrenamiento Personal Reus<\/title>\n<meta name=\"description\" content=\"Sesiones de entrenamiento personal en Reus con Joan Prats. Planes adaptados a tu nivel y objetivos con entrenador experto en Body Viu.\" \/>\n<meta name=\"robots\" content=\"index, follow, max-snippet:-1, max-image-preview:large, max-video-preview:-1\" \/>\n<link rel=\"canonical\" href=\"https:\/\/bodyviu.com\/es\/equipo-de-entrenadores-personales-reus\/entrenador-personal-joan-prats\/\" \/>\n<meta property=\"og:locale\" content=\"es_ES\" \/>\n<meta property=\"og:type\" content=\"article\" \/>\n<meta property=\"og:title\" content=\"Entrenador Personal | Joan Prats | Entrenamiento Personal Reus\" \/>\n<meta property=\"og:description\" content=\"Sesiones de entrenamiento personal en Reus con Joan Prats. Planes adaptados a tu nivel y objetivos con entrenador experto en Body Viu.\" \/>\n<meta property=\"og:url\" content=\"https:\/\/bodyviu.com\/es\/equipo-de-entrenadores-personales-reus\/entrenador-personal-joan-prats\/\" \/>\n<meta property=\"og:site_name\" content=\"Body Viu\" \/>\n<meta property=\"article:modified_time\" content=\"2026-03-16T11:47:57+00:00\" \/>\n<meta property=\"og:image\" content=\"https:\/\/bodyviu.com\/wp-content\/uploads\/2025\/10\/18_resultat.webp\" \/>\n<meta name=\"twitter:card\" content=\"summary_large_image\" \/>\n<meta name=\"twitter:label1\" content=\"Tiempo de lectura\" \/>\n\t<meta name=\"twitter:data1\" content=\"1 minuto\" \/>\n<script type=\"application\/ld+json\" class=\"yoast-schema-graph\">{\"@context\":\"https:\\\/\\\/schema.org\",\"@graph\":[{\"@type\":\"WebPage\",\"@id\":\"https:\\\/\\\/bodyviu.com\\\/es\\\/equipo-de-entrenadores-personales-reus\\\/entrenador-personal-joan-prats\\\/\",\"url\":\"https:\\\/\\\/bodyviu.com\\\/es\\\/equipo-de-entrenadores-personales-reus\\\/entrenador-personal-joan-prats\\\/\",\"name\":\"Entrenador Personal | Joan Prats | Entrenamiento Personal Reus\",\"isPartOf\":{\"@id\":\"https:\\\/\\\/bodyviu.com\\\/es\\\/#website\"},\"primaryImageOfPage\":{\"@id\":\"https:\\\/\\\/bodyviu.com\\\/es\\\/equipo-de-entrenadores-personales-reus\\\/entrenador-personal-joan-prats\\\/#primaryimage\"},\"image\":{\"@id\":\"https:\\\/\\\/bodyviu.com\\\/es\\\/equipo-de-entrenadores-personales-reus\\\/entrenador-personal-joan-prats\\\/#primaryimage\"},\"thumbnailUrl\":\"https:\\\/\\\/bodyviu.com\\\/wp-content\\\/uploads\\\/2025\\\/10\\\/18_resultat.webp\",\"datePublished\":\"2025-09-26T11:41:21+00:00\",\"dateModified\":\"2026-03-16T11:47:57+00:00\",\"description\":\"Sesiones de entrenamiento personal en Reus con Joan Prats. Planes adaptados a tu nivel y objetivos con entrenador experto en Body Viu.\",\"breadcrumb\":{\"@id\":\"https:\\\/\\\/bodyviu.com\\\/es\\\/equipo-de-entrenadores-personales-reus\\\/entrenador-personal-joan-prats\\\/#breadcrumb\"},\"inLanguage\":\"es\",\"potentialAction\":[{\"@type\":\"ReadAction\",\"target\":[\"https:\\\/\\\/bodyviu.com\\\/es\\\/equipo-de-entrenadores-personales-reus\\\/entrenador-personal-joan-prats\\\/\"]}]},{\"@type\":\"ImageObject\",\"inLanguage\":\"es\",\"@id\":\"https:\\\/\\\/bodyviu.com\\\/es\\\/equipo-de-entrenadores-personales-reus\\\/entrenador-personal-joan-prats\\\/#primaryimage\",\"url\":\"https:\\\/\\\/bodyviu.com\\\/wp-content\\\/uploads\\\/2025\\\/10\\\/18_resultat.webp\",\"contentUrl\":\"https:\\\/\\\/bodyviu.com\\\/wp-content\\\/uploads\\\/2025\\\/10\\\/18_resultat.webp\"},{\"@type\":\"BreadcrumbList\",\"@id\":\"https:\\\/\\\/bodyviu.com\\\/es\\\/equipo-de-entrenadores-personales-reus\\\/entrenador-personal-joan-prats\\\/#breadcrumb\",\"itemListElement\":[{\"@type\":\"ListItem\",\"position\":1,\"name\":\"Portada\",\"item\":\"https:\\\/\\\/bodyviu.com\\\/es\\\/\"},{\"@type\":\"ListItem\",\"position\":2,\"name\":\"Equipo de entrenadores personales reus\",\"item\":\"https:\\\/\\\/bodyviu.com\\\/es\\\/equipo-de-entrenadores-personales-reus\\\/\"},{\"@type\":\"ListItem\",\"position\":3,\"name\":\"ENTRENADOR PERSONAL JOAN PRATS\"}]},{\"@type\":\"WebSite\",\"@id\":\"https:\\\/\\\/bodyviu.com\\\/es\\\/#website\",\"url\":\"https:\\\/\\\/bodyviu.com\\\/es\\\/\",\"name\":\"Body Viu\",\"description\":\"\",\"publisher\":{\"@id\":\"https:\\\/\\\/bodyviu.com\\\/es\\\/#organization\"},\"potentialAction\":[{\"@type\":\"SearchAction\",\"target\":{\"@type\":\"EntryPoint\",\"urlTemplate\":\"https:\\\/\\\/bodyviu.com\\\/es\\\/?s={search_term_string}\"},\"query-input\":{\"@type\":\"PropertyValueSpecification\",\"valueRequired\":true,\"valueName\":\"search_term_string\"}}],\"inLanguage\":\"es\"},{\"@type\":\"Organization\",\"@id\":\"https:\\\/\\\/bodyviu.com\\\/es\\\/#organization\",\"name\":\"Body Viu\",\"url\":\"https:\\\/\\\/bodyviu.com\\\/es\\\/\",\"logo\":{\"@type\":\"ImageObject\",\"inLanguage\":\"es\",\"@id\":\"https:\\\/\\\/bodyviu.com\\\/es\\\/#\\\/schema\\\/logo\\\/image\\\/\",\"url\":\"https:\\\/\\\/bodyviu.com\\\/wp-content\\\/uploads\\\/2025\\\/09\\\/cropped-cropped-logo-negatiu-scaled-2-e1756716707260-1.png\",\"contentUrl\":\"https:\\\/\\\/bodyviu.com\\\/wp-content\\\/uploads\\\/2025\\\/09\\\/cropped-cropped-logo-negatiu-scaled-2-e1756716707260-1.png\",\"width\":2265,\"height\":419,\"caption\":\"Body Viu\"},\"image\":{\"@id\":\"https:\\\/\\\/bodyviu.com\\\/es\\\/#\\\/schema\\\/logo\\\/image\\\/\"}}]}<\/script>\n<!-- \/ Yoast SEO plugin. -->","yoast_head_json":{"title":"Entrenador Personal | Joan Prats | Entrenamiento Personal Reus","description":"Sesiones de entrenamiento personal en Reus con Joan Prats. Planes adaptados a tu nivel y objetivos con entrenador experto en Body Viu.","robots":{"index":"index","follow":"follow","max-snippet":"max-snippet:-1","max-image-preview":"max-image-preview:large","max-video-preview":"max-video-preview:-1"},"canonical":"https:\/\/bodyviu.com\/es\/equipo-de-entrenadores-personales-reus\/entrenador-personal-joan-prats\/","og_locale":"es_ES","og_type":"article","og_title":"Entrenador Personal | Joan Prats | Entrenamiento Personal Reus","og_description":"Sesiones de entrenamiento personal en Reus con Joan Prats. Planes adaptados a tu nivel y objetivos con entrenador experto en Body Viu.","og_url":"https:\/\/bodyviu.com\/es\/equipo-de-entrenadores-personales-reus\/entrenador-personal-joan-prats\/","og_site_name":"Body Viu","article_modified_time":"2026-03-16T11:47:57+00:00","og_image":[{"url":"https:\/\/bodyviu.com\/wp-content\/uploads\/2025\/10\/18_resultat.webp","type":"","width":"","height":""}],"twitter_card":"summary_large_image","twitter_misc":{"Tiempo de lectura":"1 minuto"},"schema":{"@context":"https:\/\/schema.org","@graph":[{"@type":"WebPage","@id":"https:\/\/bodyviu.com\/es\/equipo-de-entrenadores-personales-reus\/entrenador-personal-joan-prats\/","url":"https:\/\/bodyviu.com\/es\/equipo-de-entrenadores-personales-reus\/entrenador-personal-joan-prats\/","name":"Entrenador Personal | Joan Prats | Entrenamiento Personal Reus","isPartOf":{"@id":"https:\/\/bodyviu.com\/es\/#website"},"primaryImageOfPage":{"@id":"https:\/\/bodyviu.com\/es\/equipo-de-entrenadores-personales-reus\/entrenador-personal-joan-prats\/#primaryimage"},"image":{"@id":"https:\/\/bodyviu.com\/es\/equipo-de-entrenadores-personales-reus\/entrenador-personal-joan-prats\/#primaryimage"},"thumbnailUrl":"https:\/\/bodyviu.com\/wp-content\/uploads\/2025\/10\/18_resultat.webp","datePublished":"2025-09-26T11:41:21+00:00","dateModified":"2026-03-16T11:47:57+00:00","description":"Sesiones de entrenamiento personal en Reus con Joan Prats. Planes adaptados a tu nivel y objetivos con entrenador experto en Body Viu.","breadcrumb":{"@id":"https:\/\/bodyviu.com\/es\/equipo-de-entrenadores-personales-reus\/entrenador-personal-joan-prats\/#breadcrumb"},"inLanguage":"es","potentialAction":[{"@type":"ReadAction","target":["https:\/\/bodyviu.com\/es\/equipo-de-entrenadores-personales-reus\/entrenador-personal-joan-prats\/"]}]},{"@type":"ImageObject","inLanguage":"es","@id":"https:\/\/bodyviu.com\/es\/equipo-de-entrenadores-personales-reus\/entrenador-personal-joan-prats\/#primaryimage","url":"https:\/\/bodyviu.com\/wp-content\/uploads\/2025\/10\/18_resultat.webp","contentUrl":"https:\/\/bodyviu.com\/wp-content\/uploads\/2025\/10\/18_resultat.webp"},{"@type":"BreadcrumbList","@id":"https:\/\/bodyviu.com\/es\/equipo-de-entrenadores-personales-reus\/entrenador-personal-joan-prats\/#breadcrumb","itemListElement":[{"@type":"ListItem","position":1,"name":"Portada","item":"https:\/\/bodyviu.com\/es\/"},{"@type":"ListItem","position":2,"name":"Equipo de entrenadores personales reus","item":"https:\/\/bodyviu.com\/es\/equipo-de-entrenadores-personales-reus\/"},{"@type":"ListItem","position":3,"name":"ENTRENADOR PERSONAL JOAN PRATS"}]},{"@type":"WebSite","@id":"https:\/\/bodyviu.com\/es\/#website","url":"https:\/\/bodyviu.com\/es\/","name":"Body Viu","description":"","publisher":{"@id":"https:\/\/bodyviu.com\/es\/#organization"},"potentialAction":[{"@type":"SearchAction","target":{"@type":"EntryPoint","urlTemplate":"https:\/\/bodyviu.com\/es\/?s={search_term_string}"},"query-input":{"@type":"PropertyValueSpecification","valueRequired":true,"valueName":"search_term_string"}}],"inLanguage":"es"},{"@type":"Organization","@id":"https:\/\/bodyviu.com\/es\/#organization","name":"Body Viu","url":"https:\/\/bodyviu.com\/es\/","logo":{"@type":"ImageObject","inLanguage":"es","@id":"https:\/\/bodyviu.com\/es\/#\/schema\/logo\/image\/","url":"https:\/\/bodyviu.com\/wp-content\/uploads\/2025\/09\/cropped-cropped-logo-negatiu-scaled-2-e1756716707260-1.png","contentUrl":"https:\/\/bodyviu.com\/wp-content\/uploads\/2025\/09\/cropped-cropped-logo-negatiu-scaled-2-e1756716707260-1.png","width":2265,"height":419,"caption":"Body Viu"},"image":{"@id":"https:\/\/bodyviu.com\/es\/#\/schema\/logo\/image\/"}}]}},"_links":{"self":[{"href":"https:\/\/bodyviu.com\/es\/wp-json\/wp\/v2\/pages\/16770","targetHints":{"allow":["GET"]}}],"collection":[{"href":"https:\/\/bodyviu.com\/es\/wp-json\/wp\/v2\/pages"}],"about":[{"href":"https:\/\/bodyviu.com\/es\/wp-json\/wp\/v2\/types\/page"}],"author":[{"embeddable":true,"href":"https:\/\/bodyviu.com\/es\/wp-json\/wp\/v2\/users\/2"}],"replies":[{"embeddable":true,"href":"https:\/\/bodyviu.com\/es\/wp-json\/wp\/v2\/comments?post=16770"}],"version-history":[{"count":1,"href":"https:\/\/bodyviu.com\/es\/wp-json\/wp\/v2\/pages\/16770\/revisions"}],"predecessor-version":[{"id":16771,"href":"https:\/\/bodyviu.com\/es\/wp-json\/wp\/v2\/pages\/16770\/revisions\/16771"}],"up":[{"embeddable":true,"href":"https:\/\/bodyviu.com\/es\/wp-json\/wp\/v2\/pages\/16757"}],"wp:attachment":[{"href":"https:\/\/bodyviu.com\/es\/wp-json\/wp\/v2\/media?parent=16770"}],"curies":[{"name":"wp","href":"https:\/\/api.w.org\/{rel}","templated":true}]}}